{"id":72,"date":"2018-12-07T23:23:52","date_gmt":"2018-12-07T22:23:52","guid":{"rendered":"https:\/\/staging.eintracht-koeln.de\/?page_id=72"},"modified":"2025-04-26T09:31:37","modified_gmt":"2025-04-26T07:31:37","slug":"impressum","status":"publish","type":"page","link":"https:\/\/staging.eintracht-koeln.de\/?page_id=72","title":{"rendered":"Impressum"},"content":{"rendered":"\r\n<p>FC Eintracht K\u00f6ln e.V.<br \/>Ollenhauerring 70<br \/>50829 K\u00f6ln<\/p>\r\n\r\n\r\n\r\n<p><strong>Vereinsregister K\u00f6ln:<\/strong> VR13415<br \/><strong>Vorstand:<\/strong> Nedim Ekici, J\u00f6rg Wisskirchen, Jannik Goebel, Ralph Grimm<\/p>\r\n\r\n\r\n\r\n<p>Kontakt: vorstand(at)eintracht-koeln.de<\/p>\r\n\r\n\r\n\r\n<p>Alle Inhalte dieses Web-Angebots, wie Bilder, Grafiken und Symbole, Texte, unterliegen dem Urheberrecht. Wenn nicht anders angegeben, liegt das Urheberrecht beim FC Eintracht K\u00f6ln . Jegliches Kopieren, Vervielf\u00e4ltigen und Verwenden von Daten der FC Eintracht K\u00f6ln -Website ist ohne ausdr\u00fcckliche schriftliche Genehmigung des FC Eintracht K\u00f6ln verboten. FC Eintracht K\u00f6ln garantiert nicht f\u00fcr die Richtigkeit und Vollst\u00e4ndigkeit der Daten. Wir bitten im Interesse aller Besucher darum, bei versehentlicher Ver\u00f6ffentlichung falscher Daten diese Fehler mitzuteilen. Die st\u00e4ndige Verf\u00fcgbarkeit und regelm\u00e4\u00dfige Aktualisierung dieses Angebots kann nicht garantiert werden.<\/p>\r\n\r\n\r\n\r\n<p>Haftungshinweis: Trotz sorgf\u00e4ltiger inhaltlicher Kontrolle \u00fcbernehmen wir keine Haftung f\u00fcr die Inhalte externer Links. F\u00fcr den Inhalt der verlinkten Seiten sind ausschlie\u00dflich deren Betreiber verantwortlich.<\/p>\r\n","protected":false},"excerpt":{"rendered":"<p>FC Eintracht K\u00f6ln e.V.Ollenhauerring 7050829 K\u00f6ln Vereinsregister K\u00f6ln: VR13415Vorstand: Nedim Ekici, J\u00f6rg Wisskirchen, Jannik Goebel, Ralph Grimm Kontakt: vorstand(at)eintracht-koeln.de Alle Inhalte dieses Web-Angebots, wie Bilder, Grafiken und Symbole, Texte, unterliegen dem Urheberrecht. Wenn nicht anders angegeben, liegt das Urheberrecht beim FC Eintracht K\u00f6ln . Jegliches Kopieren, Vervielf\u00e4ltigen und Verwenden von Daten der FC Eintracht K\u00f6ln [&hellip;]<\/p>\n","protected":false},"author":1,"featured_media":0,"parent":0,"menu_order":0,"comment_status":"closed","ping_status":"closed","template":"","meta":{"site-sidebar-layout":"default","site-content-layout":"","ast-site-content-layout":"default","site-content-style":"default","site-sidebar-style":"default","ast-global-header-display":"","ast-banner-title-visibility":"","ast-main-header-display":"","ast-hfb-above-header-display":"","ast-hfb-below-header-display":"","ast-hfb-mobile-header-display":"","site-post-title":"","ast-breadcrumbs-content":"","ast-featured-img":"","footer-sml-layout":"","theme-transparent-header-meta":"disabled","adv-header-id-meta":"","stick-header-meta":"","header-above-stick-meta":"","header-main-stick-meta":"","header-below-stick-meta":"","astra-migrate-meta-layouts":"set","ast-page-background-enabled":"default","ast-page-background-meta":{"desktop":{"background-color":"","background-image":"","background-repeat":"repeat","background-position":"center center","background-size":"auto","background-attachment":"scroll","background-type":"","background-media":"","overlay-type":"","overlay-color":"","overlay-opacity":"","overlay-gradient":""},"tablet":{"background-color":"","background-image":"","background-repeat":"repeat","background-position":"center center","background-size":"auto","background-attachment":"scroll","background-type":"","background-media":"","overlay-type":"","overlay-color":"","overlay-opacity":"","overlay-gradient":""},"mobile":{"background-color":"","background-image":"","background-repeat":"repeat","background-position":"center center","background-size":"auto","background-attachment":"scroll","background-type":"","background-media":"","overlay-type":"","overlay-color":"","overlay-opacity":"","overlay-gradient":""}},"ast-content-background-meta":{"desktop":{"background-color":"var(--ast-global-color-5)","background-image":"","background-repeat":"repeat","background-position":"center center","background-size":"auto","background-attachment":"scroll","background-type":"","background-media":"","overlay-type":"","overlay-color":"","overlay-opacity":"","overlay-gradient":""},"tablet":{"background-color":"var(--ast-global-color-5)","background-image":"","background-repeat":"repeat","background-position":"center center","background-size":"auto","background-attachment":"scroll","background-type":"","background-media":"","overlay-type":"","overlay-color":"","overlay-opacity":"","overlay-gradient":""},"mobile":{"background-color":"var(--ast-global-color-5)","background-image":"","background-repeat":"repeat","background-position":"center center","background-size":"auto","background-attachment":"scroll","background-type":"","background-media":"","overlay-type":"","overlay-color":"","overlay-opacity":"","overlay-gradient":""}},"footnotes":""},"class_list":["post-72","page","type-page","status-publish","hentry"],"_links":{"self":[{"href":"https:\/\/staging.eintracht-koeln.de\/index.php?rest_route=\/wp\/v2\/pages\/72","targetHints":{"allow":["GET"]}}],"collection":[{"href":"https:\/\/staging.eintracht-koeln.de\/index.php?rest_route=\/wp\/v2\/pages"}],"about":[{"href":"https:\/\/staging.eintracht-koeln.de\/index.php?rest_route=\/wp\/v2\/types\/page"}],"author":[{"embeddable":true,"href":"https:\/\/staging.eintracht-koeln.de\/index.php?rest_route=\/wp\/v2\/users\/1"}],"replies":[{"embeddable":true,"href":"https:\/\/staging.eintracht-koeln.de\/index.php?rest_route=%2Fwp%2Fv2%2Fcomments&post=72"}],"version-history":[{"count":7,"href":"https:\/\/staging.eintracht-koeln.de\/index.php?rest_route=\/wp\/v2\/pages\/72\/revisions"}],"predecessor-version":[{"id":1389,"href":"https:\/\/staging.eintracht-koeln.de\/index.php?rest_route=\/wp\/v2\/pages\/72\/revisions\/1389"}],"wp:attachment":[{"href":"https:\/\/staging.eintracht-koeln.de\/index.php?rest_route=%2Fwp%2Fv2%2Fmedia&parent=72"}],"curies":[{"name":"wp","href":"https:\/\/api.w.org\/{rel}","templated":true}]}}